{"id":69,"date":"2017-09-27T18:48:55","date_gmt":"2017-09-27T16:48:55","guid":{"rendered":"http:\/\/slnutridiet.com\/?page_id=69"},"modified":"2026-01-07T16:33:35","modified_gmt":"2026-01-07T15:33:35","slug":"prestations","status":"publish","type":"page","link":"https:\/\/slnutridiet.com\/index.php\/prestations\/","title":{"rendered":"Prestations di\u00e9t\u00e9tiques"},"content":{"rendered":"\n<ul class=\"has-black-color has-text-color\"><li><span style=\"font-size: 1rem;\"><strong>Consultation individuelle<\/strong> : bilan alimentaire et comportemental (60 min) et consultations de suivi (30 \u00e0 60 min)<\/span><\/li><li><strong>Plan<\/strong> alimentaire<\/li><li><strong>Composition<\/strong> <strong>corporelle<\/strong> :<span class=\"has-inline-color has-black-color\"> mesure par la m\u00e9thode de bio-imp\u00e9dance \u00e9lectrique<\/span><\/li><li><strong>D\u00e9pense \u00e9nerg\u00e9tique<\/strong> = mesure du m\u00e9tabolisme de base, <span style=\"font-size: 1rem;\">par calorim\u00e9trie indirecte<\/span><\/li><li><strong>Atelier<\/strong> <span class=\"has-inline-color has-black-color\"><span style=\"font-size: 1rem;\">th\u00e9matique de groupe <\/span><\/span><\/li><li><strong>Pr\u00e9sentation, cours<\/strong>&#8230; <span class=\"has-inline-color has-black-color\"><span style=\"font-size: 1rem;\">en club et entreprise<\/span><\/span><\/li><\/ul>\n\n\n\n<ul><li><strong>Intervention m\u00e9diatique<\/strong> : presse \u00e9crite et audio-visuelle<\/li><\/ul>\n\n\n\n<ul><li>Consultation en <strong>Fran\u00e7ais<\/strong> ou en <strong>Anglais<\/strong><\/li><li>Possibilit\u00e9 de faire les s\u00e9ances de suivi <strong>\u00e0 distance <\/strong>par vid\u00e9o (Zoom, Whatsapp)<\/li><\/ul>\n\n\n\n<p><\/p>\n\n\n\n<p><\/p>\n\n\n\n<p class=\"has-text-align-left\"><strong><em>Pourquoi b\u00e9n\u00e9ficier d&rsquo;un suivi di\u00e9t\u00e9tique ?<\/em><\/strong><\/p>\n\n\n\n<p>Les prestations s&rsquo;adressent \u00e0 tout public, enfant comme adulte. Selon certains <strong>crit\u00e8res<\/strong>, la <strong>prise en charge par la LaMal sera possible<\/strong>, avec l&rsquo;accord d&rsquo;un professionnel m\u00e9dical (m\u00e9decin, endocrinologue, gyn\u00e9cologue, cardiologue&#8230;) via la prescription di\u00e9t\u00e9tique. Plusieurs raisons m\u00e8nent \u00e0 b\u00e9n\u00e9ficier d&rsquo;un suivi : <\/p>\n\n\n\n<ul><li>lors de surpoids, d&rsquo;<strong>ob\u00e9sit\u00e9<\/strong>, avec ou sans&nbsp;troubles du comportement alimentaire<\/li><li><strong>en cas de malnutrition <\/strong>(carence, insuffisance pond\u00e9rale&#8230;)<\/li><li>en cas de <strong>pathologies digestives (<\/strong>coeliakie, Crohn, intestin irritable)<strong>, d&rsquo;allergies ou d&rsquo;intol\u00e9rances alimentaires<\/strong> (lactose..)<\/li><li>en cas de maladies chroniques et troubles du m\u00e9tabolisme (oncologie, <strong>diab\u00e8te, hypercholest\u00e9rol\u00e9mie<\/strong>, <strong>hypothyroidie<\/strong>, <strong>calculs r\u00e9naux, insuffisance r\u00e9nale<\/strong>&#8230;)<\/li><li>pour les athl\u00e8tes de tout niveaux,&nbsp;dans un but de&nbsp;remise en forme, &nbsp;de r\u00e9\u00e9ducation ou de&nbsp;performance<\/li><li>pour  simplement apprendre et approfondir les connaissances en mati\u00e8re de nutrition et mieux s&rsquo;alimenter au quotidien<\/li><\/ul>\n\n\n\n<p><strong><em>Tarifs<\/em><\/strong><\/p>\n\n\n\n<p class=\"has-black-color has-text-color\">Pour les consultations prises en charge par la LaMal, le tarif est conventionn\u00e9 par le syst\u00e8me de sant\u00e9 Suisse et la facturation se fait par l&rsquo;interm\u00e9diaire de la Caisse des M\u00e9decins. La prescription di\u00e9t\u00e9tique donne droit \u00e0 <strong>6 s\u00e9ances,<\/strong> renouvelable sous conditions. Depuis 2024, le <strong>surpoids<\/strong> est un crit\u00e8re reconnu lorsqu&rsquo;il est associ\u00e9 \u00e0 une pathologie qui serait att\u00e9nu\u00e9e par la perte de poids.<\/p>\n\n\n\n<div class=\"wp-block-file aligncenter\"><a href=\"http:\/\/slnutridiet.com\/wp-content\/uploads\/2024\/05\/Prescription-die\u0301te\u0301tique-24.pdf\">Prescription-die\u0301te\u0301tique-24<\/a><a href=\"http:\/\/slnutridiet.com\/wp-content\/uploads\/2024\/05\/Prescription-die\u0301te\u0301tique-24.pdf\" class=\"wp-block-file__button\" download>T\u00e9l\u00e9c<img class=\"wp-image-310\" style=\"width: NaNpx;\" src=\"http:\/\/slnutridiet.com\/wp-content\/uploads\/2024\/05\/Prescription-die\u0301te\u0301tique-24-1.pdf\" alt=\"\">harger<\/a><\/div>\n\n\n\n<p>Pour les consultations non prises en charge, le bilan initial permettra d&rsquo;identifier les objectifs et de d\u00e9finir le type de suivi n\u00e9cessaire. L&rsquo;offre sera en fonction de vos besoins et comprend un soutien par message, mail et\/ou appel t\u00e9l\u00e9phonique, ainsi que l&rsquo;envoi de documents \u00e9lectroniques. <\/p>\n\n\n\n<ul><li>Consultation 60 min : 130 CHF <\/li><li>45 min : 110 CHF <\/li><li>30 min : 90 CHF<\/li><li>Mesure du m\u00e9tabolisme : 160 CHF<\/li><li>Mesure de la composition corporelle : 30 CHF<\/li><li>Plan alimentaire sur mesure : 110 CHF<\/li><li>Atelier, conf\u00e9rence club et entreprise : un devis sur mesure, adapt\u00e9 \u00e0 vos souhaits vous sera propos\u00e9<\/li><\/ul>\n\n\n\n<div class=\"wp-block-group\"><div class=\"wp-block-group__inner-container\">\n<p>Paiement par virement bancaire, QR-Facture ou TWINT <\/p>\n<\/div><\/div>\n","protected":false},"excerpt":{"rendered":"<p>Consultation individuelle : bilan alimentaire et comportemental (60 min) et consultations de suivi (30 \u00e0 60 min) Plan alimentaire Composition corporelle : mesure par la m\u00e9thode de bio-imp\u00e9dance \u00e9lectrique D\u00e9pense \u00e9nerg\u00e9tique = mesure du m\u00e9tabolisme de base, par calorim\u00e9trie indirecte Atelier th\u00e9matique de groupe Pr\u00e9sentation, cours&#8230; en club et entreprise Intervention m\u00e9diatique : presse \u00e9crite &hellip; <\/p>\n<p class=\"link-more\"><a href=\"https:\/\/slnutridiet.com\/index.php\/prestations\/\" class=\"more-link\">Continuer la lecture<span class=\"screen-reader-text\"> de &laquo;&nbsp;Prestations di\u00e9t\u00e9tiques&nbsp;&raquo;<\/span><\/a><\/p>\n","protected":false},"author":1,"featured_media":0,"parent":0,"menu_order":0,"comment_status":"closed","ping_status":"closed","template":"","meta":[],"_links":{"self":[{"href":"https:\/\/slnutridiet.com\/index.php\/wp-json\/wp\/v2\/pages\/69"}],"collection":[{"href":"https:\/\/slnutridiet.com\/index.php\/wp-json\/wp\/v2\/pages"}],"about":[{"href":"https:\/\/slnutridiet.com\/index.php\/wp-json\/wp\/v2\/types\/page"}],"author":[{"embeddable":true,"href":"https:\/\/slnutridiet.com\/index.php\/wp-json\/wp\/v2\/users\/1"}],"replies":[{"embeddable":true,"href":"https:\/\/slnutridiet.com\/index.php\/wp-json\/wp\/v2\/comments?post=69"}],"version-history":[{"count":24,"href":"https:\/\/slnutridiet.com\/index.php\/wp-json\/wp\/v2\/pages\/69\/revisions"}],"predecessor-version":[{"id":366,"href":"https:\/\/slnutridiet.com\/index.php\/wp-json\/wp\/v2\/pages\/69\/revisions\/366"}],"wp:attachment":[{"href":"https:\/\/slnutridiet.com\/index.php\/wp-json\/wp\/v2\/media?parent=69"}],"curies":[{"name":"wp","href":"https:\/\/api.w.org\/{rel}","templated":true}]}}