{"id":53,"date":"2017-09-21T19:05:15","date_gmt":"2017-09-21T17:05:15","guid":{"rendered":"http:\/\/slnutridiet.com\/?page_id=53"},"modified":"2026-01-08T13:40:28","modified_gmt":"2026-01-08T12:40:28","slug":"liens","status":"publish","type":"page","link":"https:\/\/slnutridiet.com\/index.php\/liens\/","title":{"rendered":"Ressources"},"content":{"rendered":"<p style=\"text-align: justify;\"><strong>A Gen\u00e8ve<\/strong><\/p>\n<p>Le cabinet de <strong>m\u00e9decine int\u00e9grative<\/strong> <a href=\"https:\/\/www.metabolic-center.ch\/\">Metabolic Center,<\/a> dont je fais partie : pr\u00e9sentation des diff\u00e9rents th\u00e9rapeutes, des ressources et des articles sur l&rsquo;alimentation, la sant\u00e9 et les liens \u00e0 la Nature.<\/p>\n<p>Des di\u00e9t\u00e9ticiennes et psychoth\u00e9rapeutes sp\u00e9cialis\u00e9es dans les <strong>troubles du comportement alimentaire<\/strong> travaillent en collaboration \u00e9troite au <a href=\"http:\/\/www.ccnp-ge.ch\" target=\"_blank\" rel=\"noopener\">CCNP<\/a>. Le&nbsp;<a href=\"http:\/\/www.cceaf-ge.ch\" target=\"_blank\" rel=\"noopener\">CCEAF<\/a>&nbsp;se concentre sur les difficult\u00e9s propres \u00e0 l&rsquo;enfance et l&rsquo;adolescence.<\/p>\n<p><span style=\"font-size: 1rem;\">L&rsquo;<\/span><a style=\"font-size: 1rem;\" href=\"http:\/\/www.adige.ch\" target=\"_blank\" rel=\"noopener\">Antenne des Di\u00e9t\u00e9ticiens Genevois<\/a><span style=\"font-size: 1rem;\">&nbsp; renseigne et oriente vers les praticiens ind\u00e9pendants en ville. Des ressources sont disponibles sur le site.&nbsp;<\/span><\/p>\n<p>L&rsquo;<a href=\"https:\/\/svde-asdd.ch\/fr\/\">Association Suisse des Di\u00e9t\u00e9ticien-ne-s Dipl\u00f4m\u00e9-e-s<\/a> : pour y voir plus clair sur la profession<\/p>\n<p>Pr\u00e9sentation du <strong>Bachelor<\/strong> en <strong>Nutrition et di\u00e9t\u00e9tique<\/strong> de la&nbsp;<a href=\"https:\/\/www.hesge.ch\/heds\/formation-base\/bachelor\/nutrition-et-dietetique\">Haute Ecole de Sant\u00e9<\/a><\/p>\n<p><a href=\"https:\/\/www.planetesante.ch\/Magazine\/Alimentation-et-nutrition\/Mieux-manger\/La-nutrition-anti-inflammatoire-une-piste-a-suivre\">Plan\u00e8te Sant\u00e9<\/a> : des ressources sur de multiples sujets, pour tout public<\/p>\n<p><a href=\"http:\/\/www.weperf-sport.com\" target=\"_blank\" rel=\"noopener\">We Perf<\/a>&nbsp; Avec l&rsquo;<strong>\u00e9quipe pluridisciplinaire sportive<\/strong> WePerf, tracez votre chemin vers VOTRE performance.<\/p>\n<p>Faites un <strong>test d&rsquo;effort<\/strong> et adaptez votre <strong>entrainement<\/strong> \u00e0 vos fr\u00e9quences cardiaques pour progresser sans s&rsquo;\u00e9puiser. Id\u00e9al aussi pour \u00eatre s\u00fbr.e de consommer les graisses en endurance. Test, programme d&rsquo;entrainement et salle de musculation chez <a href=\"http:\/\/www.personaltrainer-geneve.ch\/fr\/pages\/notre-equipe-personal-trainer.html\">Personal Trainer.<\/a><\/p>\n<p>Une autre fa\u00e7on essentielle de prendre soin de soi : gr\u00e2ce aux <strong>massages<\/strong> de <a href=\"http:\/\/www.mon-s-en-ciel.com\">J\u00e9r\u00f4me Bachelard.<\/a> Sportif ou relaxant, toujours de qualit\u00e9, et avec une bonne dose d&rsquo;ondes positives !<\/p>\n<p><strong>Fasciath\u00e9rapie<\/strong> : En cas de blessure, de tension musculaire, articulaire, de pathologies chroniques ou simplement en pr\u00e9vention, d\u00e9couvrez les bienfaits de cette m\u00e9thode avec <a href=\"https:\/\/fasciatherapie-sechaud.ch\/\">Anouk S\u00e9chaud<\/a>.<\/p>\n<p><strong>En France<\/strong><\/p>\n<p>Le <a href=\"http:\/\/www.mangerbouger.fr\/Manger-Mieux\/Comment-manger-mieux\/Cuisiner-bon-et-pratique\" target=\"_blank\" rel=\"noopener\">Programme National Nutrition Sant\u00e9<\/a> (PNNS) : Informations, recettes, pour tout \u00e2ge et tout budget. Manger mieux, Bouger plus !<\/p>\n<p>La kin\u00e9siologie : une m\u00e9thode compl\u00e9mentaire riche entre la m\u00e9decine traditionnelle chinoise, la chiropratique, l&rsquo;\u00e9nerg\u00e9tique&#8230; qui travaille \u00e0 la fois avec les \u00e9motions, la m\u00e9moire du corps et nos blocages. Retrouvez leurs praticiens reconnus sur l&rsquo;annuaire <a href=\"https:\/\/synapkin.com\/ressources\/annuaire\/\">SYNAPKIN<\/a>.<\/p>\n","protected":false},"excerpt":{"rendered":"<p>A Gen\u00e8ve Le cabinet de m\u00e9decine int\u00e9grative Metabolic Center, dont je fais partie : pr\u00e9sentation des diff\u00e9rents th\u00e9rapeutes, des ressources et des articles sur l&rsquo;alimentation, la sant\u00e9 et les liens \u00e0 la Nature. Des di\u00e9t\u00e9ticiennes et psychoth\u00e9rapeutes sp\u00e9cialis\u00e9es dans les troubles du comportement alimentaire travaillent en collaboration \u00e9troite au CCNP. Le&nbsp;CCEAF&nbsp;se concentre sur les difficult\u00e9s &hellip; <\/p>\n<p class=\"link-more\"><a href=\"https:\/\/slnutridiet.com\/index.php\/liens\/\" class=\"more-link\">Continuer la lecture<span class=\"screen-reader-text\"> de &laquo;&nbsp;Ressources&nbsp;&raquo;<\/span><\/a><\/p>\n","protected":false},"author":1,"featured_media":0,"parent":0,"menu_order":1,"comment_status":"closed","ping_status":"closed","template":"","meta":[],"_links":{"self":[{"href":"https:\/\/slnutridiet.com\/index.php\/wp-json\/wp\/v2\/pages\/53"}],"collection":[{"href":"https:\/\/slnutridiet.com\/index.php\/wp-json\/wp\/v2\/pages"}],"about":[{"href":"https:\/\/slnutridiet.com\/index.php\/wp-json\/wp\/v2\/types\/page"}],"author":[{"embeddable":true,"href":"https:\/\/slnutridiet.com\/index.php\/wp-json\/wp\/v2\/users\/1"}],"replies":[{"embeddable":true,"href":"https:\/\/slnutridiet.com\/index.php\/wp-json\/wp\/v2\/comments?post=53"}],"version-history":[{"count":15,"href":"https:\/\/slnutridiet.com\/index.php\/wp-json\/wp\/v2\/pages\/53\/revisions"}],"predecessor-version":[{"id":403,"href":"https:\/\/slnutridiet.com\/index.php\/wp-json\/wp\/v2\/pages\/53\/revisions\/403"}],"wp:attachment":[{"href":"https:\/\/slnutridiet.com\/index.php\/wp-json\/wp\/v2\/media?parent=53"}],"curies":[{"name":"wp","href":"https:\/\/api.w.org\/{rel}","templated":true}]}}