{"id":394,"date":"2026-01-08T13:39:46","date_gmt":"2026-01-08T12:39:46","guid":{"rendered":"https:\/\/slnutridiet.com\/?page_id=394"},"modified":"2026-01-08T13:39:46","modified_gmt":"2026-01-08T12:39:46","slug":"soins-energetiques-quest-ce-que-cest","status":"publish","type":"page","link":"https:\/\/slnutridiet.com\/index.php\/soins-energetiques-quest-ce-que-cest\/","title":{"rendered":"Soins \u00e9nerg\u00e9tiques : qu&rsquo;est-ce que c&rsquo;est ?"},"content":{"rendered":"\n<p>Le Reiki est une pratique \u00e9nerg\u00e9tique qui agit \u00e0 la fois sur le corps physique et sur les dimensions subtiles de la personne, souvent d\u00e9crites comme des couches \u00e9nerg\u00e9tiques. Bien qu\u2019il ne s\u2019agisse pas d\u2019un massage, la s\u00e9ance consiste \u00e0 favoriser la circulation de l\u2019\u00e9nergie et \u00e0 soutenir un \u00e9tat d\u2019\u00e9quilibre. L\u2019objectif est d\u2019intervenir en amont des tensions, avant qu\u2019elles ne se manifestent de mani\u00e8re plus concr\u00e8te dans le corps.<\/p>\n\n\n\n<p>Le Reiki intuitif se distingue du Reiki traditionnel fond\u00e9 par Usui par l\u2019absence de symboles ou de protocoles codifi\u00e9s, ainsi que par une connexion directe \u00e0 la Source. Cela est plus en accord avec mes valeurs personnelles et plus accessible dans notre culture.<\/p>\n\n\n\n<p>La s\u00e9ance favorise la d\u00e9tente physique, mentale et \u00e9motionnelle. Les personnes qui y ont recours d\u00e9crivent g\u00e9n\u00e9ralement un apaisement, une sensation de clart\u00e9 et une diminution du stress. C&rsquo;est une reconnexion profonde \u00e0 vous, \u00e0 votre intuition, qui vous permet de voir plus clair sans le flot de pens\u00e9es incessant, de stress voir de peur. Ainsi, il peut \u00eatre plus facile de prendre du recul sur vos habitudes, d\u2019identifier vos besoins,&nbsp;vos difficult\u00e9s, et de vous s\u2019orienter vers des changements personnels coh\u00e9rents avec votre bien-\u00eatre. <\/p>\n\n\n\n<blockquote class=\"wp-block-quote has-text-align-center\"><p>Il est et restera toujours de votre responsabilit\u00e9 de continuer \u00e0 agir de votre mieux. Le Reiki ne se substitue cependant ni \u00e0 une d\u00e9marche m\u00e9dicale ni \u00e0 un traitement th\u00e9rapeutique, et il n\u2019est&nbsp;pas \u00e0 consid\u00e9rer&nbsp;comme une solution d\u00e9finitive aux probl\u00e9matiques rencontr\u00e9es.&nbsp;<\/p><\/blockquote>\n\n\n\n<p>Le travail \u00e9nerg\u00e9tique est accentu\u00e9 par des chants et l\u2019utilisation de hochet, dans une inspiration chamanique Sud-Am\u00e9rindienne. Des oracles (cartes illustr\u00e9es) peuvent \u00eatre utilis\u00e9s pour obtenir des pr\u00e9cisions, des \u00e9l\u00e9ments de r\u00e9ponses \u00e0 vos intentions et questions. Si vous en ressentez l\u2019appel, un soin au tambour peut aussi \u00eatre r\u00e9alis\u00e9.<\/p>\n\n\n\n<p>Le Reiki peut \u00eatre int\u00e9gr\u00e9 en compl\u00e9ment d\u2019autres approches, qu\u2019elles soient (para)m\u00e9dicales ou psychologiques. Certaines personnes y ont recours pour les aider \u00e0 traverser des p\u00e9riodes de changement, pour accompagner un traitement m\u00e9dical lourd \u2014 notamment dans le contexte de chimioth\u00e9rapies, o\u00f9 il peut soutenir la gestion du stress&nbsp;et diminuer les effets ind\u00e9sirables&nbsp;. <\/p>\n\n\n\n<p>Le soin Reiki est aussi simplement un moment pour prendre soin de vous.<\/p>\n\n\n\n<div class=\"wp-block-image is-style-default\"><figure class=\"aligncenter size-medium\"><img loading=\"lazy\" width=\"225\" height=\"300\" src=\"https:\/\/slnutridiet.com\/wp-content\/uploads\/2026\/01\/cropped-Pigne-Pin-Pix-edited-225x300.jpg\" alt=\"\" class=\"wp-image-398\" srcset=\"https:\/\/slnutridiet.com\/wp-content\/uploads\/2026\/01\/cropped-Pigne-Pin-Pix-edited-225x300.jpg 225w, https:\/\/slnutridiet.com\/wp-content\/uploads\/2026\/01\/cropped-Pigne-Pin-Pix-edited-768x1024.jpg 768w, https:\/\/slnutridiet.com\/wp-content\/uploads\/2026\/01\/cropped-Pigne-Pin-Pix-edited-1152x1536.jpg 1152w, https:\/\/slnutridiet.com\/wp-content\/uploads\/2026\/01\/cropped-Pigne-Pin-Pix-edited-1536x2048.jpg 1536w, https:\/\/slnutridiet.com\/wp-content\/uploads\/2026\/01\/cropped-Pigne-Pin-Pix-edited.jpg 1667w\" sizes=\"(max-width: 225px) 100vw, 225px\" \/><\/figure><\/div>\n","protected":false},"excerpt":{"rendered":"<p>Le Reiki est une pratique \u00e9nerg\u00e9tique qui agit \u00e0 la fois sur le corps physique et sur les dimensions subtiles de la personne, souvent d\u00e9crites comme des couches \u00e9nerg\u00e9tiques. Bien qu\u2019il ne s\u2019agisse pas d\u2019un massage, la s\u00e9ance consiste \u00e0 favoriser la circulation de l\u2019\u00e9nergie et \u00e0 soutenir un \u00e9tat d\u2019\u00e9quilibre. L\u2019objectif est d\u2019intervenir en &hellip; <\/p>\n<p class=\"link-more\"><a href=\"https:\/\/slnutridiet.com\/index.php\/soins-energetiques-quest-ce-que-cest\/\" class=\"more-link\">Continuer la lecture<span class=\"screen-reader-text\"> de &laquo;&nbsp;Soins \u00e9nerg\u00e9tiques : qu&rsquo;est-ce que c&rsquo;est ?&nbsp;&raquo;<\/span><\/a><\/p>\n","protected":false},"author":1,"featured_media":0,"parent":0,"menu_order":0,"comment_status":"closed","ping_status":"closed","template":"","meta":[],"_links":{"self":[{"href":"https:\/\/slnutridiet.com\/index.php\/wp-json\/wp\/v2\/pages\/394"}],"collection":[{"href":"https:\/\/slnutridiet.com\/index.php\/wp-json\/wp\/v2\/pages"}],"about":[{"href":"https:\/\/slnutridiet.com\/index.php\/wp-json\/wp\/v2\/types\/page"}],"author":[{"embeddable":true,"href":"https:\/\/slnutridiet.com\/index.php\/wp-json\/wp\/v2\/users\/1"}],"replies":[{"embeddable":true,"href":"https:\/\/slnutridiet.com\/index.php\/wp-json\/wp\/v2\/comments?post=394"}],"version-history":[{"count":5,"href":"https:\/\/slnutridiet.com\/index.php\/wp-json\/wp\/v2\/pages\/394\/revisions"}],"predecessor-version":[{"id":402,"href":"https:\/\/slnutridiet.com\/index.php\/wp-json\/wp\/v2\/pages\/394\/revisions\/402"}],"wp:attachment":[{"href":"https:\/\/slnutridiet.com\/index.php\/wp-json\/wp\/v2\/media?parent=394"}],"curies":[{"name":"wp","href":"https:\/\/api.w.org\/{rel}","templated":true}]}}