{"id":341,"date":"2026-01-07T16:35:16","date_gmt":"2026-01-07T15:35:16","guid":{"rendered":"https:\/\/slnutridiet.com\/?page_id=341"},"modified":"2026-01-08T13:15:38","modified_gmt":"2026-01-08T12:15:38","slug":"prestations-energetiques-2","status":"publish","type":"page","link":"https:\/\/slnutridiet.com\/index.php\/prestations-energetiques-2\/","title":{"rendered":"Prestations \u00e9nerg\u00e9tiques"},"content":{"rendered":"\n<p><em>Les soins sont uniquement disponibles au Metabolic Center<\/em><\/p>\n\n\n\n<p><strong>SOIN REIKI INTUITIF<\/strong><\/p>\n\n\n\n<div class=\"wp-block-group\"><div class=\"wp-block-group__inner-container\">\n<div class=\"wp-block-group\"><div class=\"wp-block-group__inner-container\">\n<p>R\u00e9\u00e9quilibrage des \u00e9nergies par un travail sur les diff\u00e9rents chakras, couches d\u2019aura et m\u00e9ridiens cr\u00e2niens. Id\u00e9al en premier soin.&nbsp;<\/p>\n<p>Les b\u00e9n\u00e9fices comprennent :<\/p>\n<ul>\n<li>Diminution des tensions \u00e9nerg\u00e9tiques, qui peuvent \u00e0 terme se mat\u00e9rialiser sur le corps physique<\/li>\n<li>Apaisement du stress et des pens\u00e9es<\/li>\n<li>Reconnexion \u00e0 son intuition et son propre potentiel<\/li>\n<\/ul>\n<p>S<em>\u00e9ance : 1h pour 100 CHF &#8211; Entre 8 &#8211; 17<\/em>h &#8211; La personne reste habill\u00e9e et allong\u00e9e.<\/p>\n\n\n\n<div class=\"wp-block-group\"><div class=\"wp-block-group__inner-container\">\n<div class=\"wp-block-group\"><div class=\"wp-block-group__inner-container\">\n<div class=\"wp-block-columns\">\n<div class=\"wp-block-column\" style=\"flex-basis:100%\">\n<div class=\"wp-block-image\"><figure class=\"aligncenter size-medium is-resized\"><img loading=\"lazy\" src=\"https:\/\/slnutridiet.com\/wp-content\/uploads\/2025\/12\/Reiki-Pix1-300x200.jpg\" alt=\"\" class=\"wp-image-356\" width=\"512\" height=\"342\" srcset=\"https:\/\/slnutridiet.com\/wp-content\/uploads\/2025\/12\/Reiki-Pix1-300x200.jpg 300w, https:\/\/slnutridiet.com\/wp-content\/uploads\/2025\/12\/Reiki-Pix1-1024x683.jpg 1024w, https:\/\/slnutridiet.com\/wp-content\/uploads\/2025\/12\/Reiki-Pix1-768x512.jpg 768w, https:\/\/slnutridiet.com\/wp-content\/uploads\/2025\/12\/Reiki-Pix1.jpg 1500w\" sizes=\"(max-width: 512px) 100vw, 512px\" \/><\/figure><\/div>\n<\/div>\n<\/div>\n<\/div><\/div>\n<\/div><\/div>\n<\/div><\/div>\n<\/div><\/div>\n\n\n\n<div style=\"height:100px\" aria-hidden=\"true\" class=\"wp-block-spacer\"><\/div>\n\n\n\n<p><strong>SOIN AU TAMBOUR CHAMANIQUE<\/strong><\/p>\n\n\n\n<p>Amplification du travail \u00e9nerg\u00e9tique par le tambour et les chants.<\/p>\n\n\n\n<p>Les b\u00e9n\u00e9fices sont :<\/p>\n\n\n\n<ul><li>Diminution des tensions physiques et mentales<\/li><li>Lib\u00e9ration \u00e9motionnelle<\/li><li>Ancrage et relaxation profonde<\/li><li>M\u00e9ditation et voyage<\/li><\/ul>\n\n\n\n<p class=\"has-text-align-left\"><em>S\u00e9ance : 1h pour 110 CHF &#8211;<\/em> <strong><em>Uniquement de 18 \u00e0 19h<\/em><\/strong> &#8211; La personne reste habill\u00e9e et allong\u00e9e.<\/p>\n\n\n\n<div class=\"wp-block-image is-style-default\"><figure class=\"aligncenter size-medium is-resized\"><img loading=\"lazy\" src=\"https:\/\/slnutridiet.com\/wp-content\/uploads\/2025\/12\/Tambour-Bison-edited-1-scaled.jpeg\" alt=\"\" class=\"wp-image-351\" width=\"640\" height=\"537\" srcset=\"https:\/\/slnutridiet.com\/wp-content\/uploads\/2025\/12\/Tambour-Bison-edited-1-scaled.jpeg 2560w, https:\/\/slnutridiet.com\/wp-content\/uploads\/2025\/12\/Tambour-Bison-edited-1-300x252.jpeg 300w, https:\/\/slnutridiet.com\/wp-content\/uploads\/2025\/12\/Tambour-Bison-edited-1-1024x859.jpeg 1024w, https:\/\/slnutridiet.com\/wp-content\/uploads\/2025\/12\/Tambour-Bison-edited-1-768x644.jpeg 768w, https:\/\/slnutridiet.com\/wp-content\/uploads\/2025\/12\/Tambour-Bison-edited-1-1536x1289.jpeg 1536w, https:\/\/slnutridiet.com\/wp-content\/uploads\/2025\/12\/Tambour-Bison-edited-1-2048x1719.jpeg 2048w\" sizes=\"(max-width: 640px) 100vw, 640px\" \/><\/figure><\/div>\n\n\n\n<div style=\"height:100px\" aria-hidden=\"true\" class=\"wp-block-spacer\"><\/div>\n\n\n\n<p><strong>SOIN PRE-CHIMIOTHERAPIE<\/strong><\/p>\n\n\n\n<p>Soin <strong>\u00e0 distance<\/strong> le jour du traitement afin de diminuer les effets ind\u00e9sirables (naus\u00e9e, douleur, fatigue&#8230;).<\/p>\n\n\n\n<p><em>3 s\u00e9ances de 20min pour 100 CHF &#8211; date \u00e0 convenir au moins 48h avant.<\/em><\/p>\n\n\n\n<p><\/p>\n","protected":false},"excerpt":{"rendered":"<p>Les soins sont uniquement disponibles au Metabolic Center SOIN REIKI INTUITIF R\u00e9\u00e9quilibrage des \u00e9nergies par un travail sur les diff\u00e9rents chakras, couches d\u2019aura et m\u00e9ridiens cr\u00e2niens. Id\u00e9al en premier soin.&nbsp; Les b\u00e9n\u00e9fices comprennent : Diminution des tensions \u00e9nerg\u00e9tiques, qui peuvent \u00e0 terme se mat\u00e9rialiser sur le corps physique Apaisement du stress et des pens\u00e9es Reconnexion &hellip; <\/p>\n<p class=\"link-more\"><a href=\"https:\/\/slnutridiet.com\/index.php\/prestations-energetiques-2\/\" class=\"more-link\">Continuer la lecture<span class=\"screen-reader-text\"> de &laquo;&nbsp;Prestations \u00e9nerg\u00e9tiques&nbsp;&raquo;<\/span><\/a><\/p>\n","protected":false},"author":1,"featured_media":0,"parent":0,"menu_order":0,"comment_status":"closed","ping_status":"closed","template":"","meta":[],"_links":{"self":[{"href":"https:\/\/slnutridiet.com\/index.php\/wp-json\/wp\/v2\/pages\/341"}],"collection":[{"href":"https:\/\/slnutridiet.com\/index.php\/wp-json\/wp\/v2\/pages"}],"about":[{"href":"https:\/\/slnutridiet.com\/index.php\/wp-json\/wp\/v2\/types\/page"}],"author":[{"embeddable":true,"href":"https:\/\/slnutridiet.com\/index.php\/wp-json\/wp\/v2\/users\/1"}],"replies":[{"embeddable":true,"href":"https:\/\/slnutridiet.com\/index.php\/wp-json\/wp\/v2\/comments?post=341"}],"version-history":[{"count":11,"href":"https:\/\/slnutridiet.com\/index.php\/wp-json\/wp\/v2\/pages\/341\/revisions"}],"predecessor-version":[{"id":400,"href":"https:\/\/slnutridiet.com\/index.php\/wp-json\/wp\/v2\/pages\/341\/revisions\/400"}],"wp:attachment":[{"href":"https:\/\/slnutridiet.com\/index.php\/wp-json\/wp\/v2\/media?parent=341"}],"curies":[{"name":"wp","href":"https:\/\/api.w.org\/{rel}","templated":true}]}}