{"id":330,"date":"2026-01-07T16:29:53","date_gmt":"2026-01-07T15:29:53","guid":{"rendered":"https:\/\/slnutridiet.com\/?page_id=330"},"modified":"2026-01-07T16:38:46","modified_gmt":"2026-01-07T15:38:46","slug":"qui-je-suis","status":"publish","type":"page","link":"https:\/\/slnutridiet.com\/","title":{"rendered":"Qui je suis"},"content":{"rendered":"\n<div class=\"wp-block-image is-style-rounded\"><figure class=\"aligncenter size-medium\"><img loading=\"lazy\" width=\"210\" height=\"300\" src=\"https:\/\/slnutridiet.com\/wp-content\/uploads\/2025\/12\/Profil-2025-e1766830756388-210x300.jpg\" alt=\"\" class=\"wp-image-328\" srcset=\"https:\/\/slnutridiet.com\/wp-content\/uploads\/2025\/12\/Profil-2025-e1766830756388-210x300.jpg 210w, https:\/\/slnutridiet.com\/wp-content\/uploads\/2025\/12\/Profil-2025-e1766830756388-715x1024.jpg 715w, https:\/\/slnutridiet.com\/wp-content\/uploads\/2025\/12\/Profil-2025-e1766830756388-768x1099.jpg 768w, https:\/\/slnutridiet.com\/wp-content\/uploads\/2025\/12\/Profil-2025-e1766830756388.jpg 899w\" sizes=\"(max-width: 210px) 100vw, 210px\" \/><\/figure><\/div>\n\n\n\n<p><\/p>\n\n\n\n<p class=\"has-text-align-left\">J\u2019ai d\u2019abord \u00e9t\u00e9 <strong>chimiste en recherche pharmaceutique<\/strong>, avec probablement d\u00e9j\u00e0 l\u2019envie de soigner, inconsciemment. Mais la recherche en laboratoire ne m\u2019a pas convenu et \u00e0 24 ans, je me suis reconvertie pour \u00eatre <strong>di\u00e9t\u00e9ticienne<\/strong>. Apr\u00e8s quelques ann\u00e9es en clinique, je m\u2019\u00e9panouis dans les consultations individuelles principalement. <strong>Le contact avec les gens, la richesse du domaine et la place de l\u2019alimentation dans la vie quotidienne m\u2019attirent<\/strong>.&nbsp;<\/p>\n\n\n\n<p>Tr\u00e8s vite j\u2019ai compris que l\u2019<strong>alimentation et le comportement alimentaire sont intimement li\u00e9s \u00e0 de nombreux facteurs de la vie quotidienne<\/strong> : les connaissances mais aussi l\u2019\u00e9ducation, la personnalit\u00e9, la charge mentale, l\u2019organisation, les \u00e9motions, les blessures de la vie, le parcours m\u00e9dical, etc\u2026 C\u2019est pour cela que ma fa\u00e7on de travailler va bien <strong>au-del\u00e0 du contenu de l\u2019assiette en prenant en compte le plus possible ces aspects<\/strong>.<\/p>\n\n\n\n<p><strong>Sportive<\/strong>, je me sp\u00e9cialise dans la <strong>nutrition du sport<\/strong> (Certificat en Nutrition du Sport, d\u00e9livr\u00e9 par l\u2019International Society of Sports Nutrition, soci\u00e9t\u00e9 r\u00e9f\u00e9rence dans la sph\u00e8re de la performance sportive.) J\u2019ai besoin de comprendre, de faire des liens entre ce que mon corps vit et comment mieux le nourrir. Je travaille alors avec des athl\u00e8tes individuels ou en club, pour des suivis nutritionnels ou des conf\u00e9rences et des ateliers. <\/p>\n\n\n\n<p>Ce besoin d\u2019apprendre ainsi que la curiosit\u00e9 m\u2019emm\u00e8neront sur un domaine jusque-l\u00e0 ignor\u00e9 de moi-m\u00eame&nbsp;: l\u2019<strong>\u00e9nerg\u00e9tique<\/strong>. Ignor\u00e9 (et non <em>inconnu<\/em>), car une formation en <strong>reiki intuitif<\/strong> me reconnecte \u00e0 ce qui semble avoir toujours \u00e9t\u00e9 en moi. Au d\u00e9but, \u00ab&nbsp;mon mental cart\u00e9sien&nbsp;\u00bb est heurt\u00e9, ne comprend pas comment des choses peuvent se passer dans <em>l\u2019invisible<\/em>.&nbsp;Et pourtant, tr\u00e8s vite, mon <strong>intuition se d\u00e9veloppe, mes ressentis, ma confiance et ma s\u00e9r\u00e9nit\u00e9<\/strong> \u00e9galement. Ma vie change pour le mieux et je me rapproche de qui je Suis.<\/p>\n\n\n\n<p>Int\u00e9grer <strong>l\u2019\u00e9quipe du Metabolic Center<\/strong> n\u2019\u00e9tait pas non plus un hasard et me permet de d\u00e9couvrir les <strong>m\u00e9decines alternatives<\/strong> et des personnes d\u2019une richesse formidable. Je me sensibilise \u00e0 la M\u00e9decine Traditionnelle Chinoise, \u00e0 l\u2019hom\u00e9opathie, \u00e0 la kin\u00e9siologie\u2026 en parall\u00e8le de mon parcours personnel avec les m\u00e9decines des Peuples Premiers. Ce cheminement m\u2019am\u00e8ne aujourd\u2019hui \u00e0 proposer des <strong>soins \u00e9nerg\u00e9tiques en reiki et au tambour.<\/strong><\/p>\n\n\n\n<p>Ce n\u2019est de loin pas un rejet de la di\u00e9t\u00e9tique \u00ab&nbsp;scolaire&nbsp;\u00bb ni des recommandations scientifiques, mais plut\u00f4t une <strong>fusion entre celles-ci et des savoirs ancestraux,<\/strong> pour <strong>travailler sur la cause, et plus seulement sur les sympt\u00f4mes.<\/strong><\/p>\n\n\n\n<p class=\"has-black-color has-text-color\">Depuis toujours <strong>il me tient \u00e0 c\u0153ur de transmettre des connaissances<\/strong>, des astuces, pour que la <strong>personne puisse \u00eatre autonome dans ses choix et puisse s\u2019adapter au fil de sa vie tout en faisant au mieux.<\/strong> Cela fait encore plus de sens \u00e0 pr\u00e9sent&nbsp;: je m\u2019\u00e9panouis en <strong>guidant les autres<\/strong>, en les \u00e9clairant sur leurs propres capacit\u00e9s, pour qu\u2019ils puissent <strong>(re)gagner leur Pouvoir Personnel <\/strong>et leur libre choix.<\/p>\n","protected":false},"excerpt":{"rendered":"<p>J\u2019ai d\u2019abord \u00e9t\u00e9 chimiste en recherche pharmaceutique, avec probablement d\u00e9j\u00e0 l\u2019envie de soigner, inconsciemment. Mais la recherche en laboratoire ne m\u2019a pas convenu et \u00e0 24 ans, je me suis reconvertie pour \u00eatre di\u00e9t\u00e9ticienne. Apr\u00e8s quelques ann\u00e9es en clinique, je m\u2019\u00e9panouis dans les consultations individuelles principalement. Le contact avec les gens, la richesse du domaine &hellip; <\/p>\n<p class=\"link-more\"><a href=\"https:\/\/slnutridiet.com\/\" class=\"more-link\">Continuer la lecture<span class=\"screen-reader-text\"> de &laquo;&nbsp;Qui je suis&nbsp;&raquo;<\/span><\/a><\/p>\n","protected":false},"author":1,"featured_media":0,"parent":0,"menu_order":0,"comment_status":"closed","ping_status":"closed","template":"","meta":[],"_links":{"self":[{"href":"https:\/\/slnutridiet.com\/index.php\/wp-json\/wp\/v2\/pages\/330"}],"collection":[{"href":"https:\/\/slnutridiet.com\/index.php\/wp-json\/wp\/v2\/pages"}],"about":[{"href":"https:\/\/slnutridiet.com\/index.php\/wp-json\/wp\/v2\/types\/page"}],"author":[{"embeddable":true,"href":"https:\/\/slnutridiet.com\/index.php\/wp-json\/wp\/v2\/users\/1"}],"replies":[{"embeddable":true,"href":"https:\/\/slnutridiet.com\/index.php\/wp-json\/wp\/v2\/comments?post=330"}],"version-history":[{"count":5,"href":"https:\/\/slnutridiet.com\/index.php\/wp-json\/wp\/v2\/pages\/330\/revisions"}],"predecessor-version":[{"id":375,"href":"https:\/\/slnutridiet.com\/index.php\/wp-json\/wp\/v2\/pages\/330\/revisions\/375"}],"wp:attachment":[{"href":"https:\/\/slnutridiet.com\/index.php\/wp-json\/wp\/v2\/media?parent=330"}],"curies":[{"name":"wp","href":"https:\/\/api.w.org\/{rel}","templated":true}]}}